{"id":6781,"date":"2025-02-13T13:15:47","date_gmt":"2025-02-13T12:15:47","guid":{"rendered":"https:\/\/denhelder.online\/?page_id=6781"},"modified":"2026-03-23T08:51:52","modified_gmt":"2026-03-23T07:51:52","slug":"klares-tal","status":"publish","type":"page","link":"https:\/\/denhelder.online\/de\/wat-te-doen\/bezienswaardigheden\/natuur\/helderse-vallei\/","title":{"rendered":"Das Helderse Tal"},"content":{"rendered":"<div data-elementor-type=\"wp-page\" data-elementor-id=\"6781\" class=\"elementor elementor-6781\" data-elementor-post-type=\"page\">\n\t\t\t\t<div class=\"elementor-element elementor-element-35e81d95 e-flex e-con-boxed e-con e-parent\" data-id=\"35e81d95\" data-element_type=\"container\" data-e-type=\"container\" data-settings=\"{&quot;jet_parallax_layout_list&quot;:[]}\">\n\t\t\t\t\t<div class=\"e-con-inner\">\n\t\t<div class=\"elementor-element elementor-element-4ad6fe12 e-con-full e-flex e-con e-child\" data-id=\"4ad6fe12\" data-element_type=\"container\" data-e-type=\"container\" data-settings=\"{&quot;jet_parallax_layout_list&quot;:[]}\">\n\t\t\t\t<div class=\"elementor-element elementor-element-3933dc7b elementor-widget__width-inherit elementor-widget elementor-widget-heading\" data-id=\"3933dc7b\" data-element_type=\"widget\" data-e-type=\"widget\" data-widget_type=\"heading.default\">\n\t\t\t\t<div class=\"elementor-widget-container\">\n\t\t\t\t\t<span class=\"elementor-heading-title elementor-size-default\">Entdecken, erleben und genie\u00dfen Sie die Natur<\/span>\t\t\t\t<\/div>\n\t\t\t\t<\/div>\n\t\t\t\t<div class=\"elementor-element elementor-element-1db2a41f elementor-widget__width-inherit elementor-widget elementor-widget-heading\" data-id=\"1db2a41f\" data-element_type=\"widget\" data-e-type=\"widget\" data-widget_type=\"heading.default\">\n\t\t\t\t<div class=\"elementor-widget-container\">\n\t\t\t\t\t<h2 class=\"elementor-heading-title elementor-size-default\">Das Helderse Tal<\/h2>\t\t\t\t<\/div>\n\t\t\t\t<\/div>\n\t\t\t\t<div class=\"elementor-element elementor-element-410c15f3 elementor-widget elementor-widget-text-editor\" data-id=\"410c15f3\" data-element_type=\"widget\" data-e-type=\"widget\" data-widget_type=\"text-editor.default\">\n\t\t\t\t<div class=\"elementor-widget-container\">\n\t\t\t\t\t\t\t\t\t<p>Am Rande des Bos De Donkere Duinen liegt De Helderse Vallei, eine gr\u00fcne Oase voller Naturerlebnisse. Hier k\u00f6nnen Sie die Natur in all ihren Facetten entdecken, erleben und genie\u00dfen. Dieses Besucherzentrum mit angeschlossenem Stadtbauernhof ist ideal f\u00fcr Naturliebhaber und Familien, die das Den Helder besuchen. Ob Sie Ruhe, das Meer oder Weite suchen \u2013 hier gibt es immer etwas zu entdecken.<br \/>In der Dauerausstellung lernen Sie die Natur rund um Den Helder interaktiv kennen. Sie erfahren mehr \u00fcber die D\u00fcnen, den Strand, das Wattenmeer und das Waldgebiet. Auf dem gro\u00dfen Grundriss erkunden Sie Den Helder und die Umgebung aus der Vogelperspektive. Im \u2018Waldstudio\u2019 k\u00f6nnen Sie au\u00dferdem viele neue Naturentdeckungen machen.<br \/>Auch f\u00fcr Kinder gibt es viel zu entdecken. Sie lernen Nutztiere kennen, spielen in der Natur, k\u00f6nnen an organisierten und fortlaufenden Aktivit\u00e4ten teilnehmen und spielerisch etwas \u00fcber Nachhaltigkeit lernen. So erfahren sie auf einfache Weise, warum eine gr\u00fcne Lebensumgebung so wichtig ist.<\/p>\t\t\t\t\t\t\t\t<\/div>\n\t\t\t\t<\/div>\n\t\t<div class=\"elementor-element elementor-element-61ace0bf e-con-full e-flex e-con e-child\" data-id=\"61ace0bf\" data-element_type=\"container\" data-e-type=\"container\" data-settings=\"{&quot;jet_parallax_layout_list&quot;:[]}\">\n\t\t\t\t<div class=\"elementor-element elementor-element-19ad3fd3 elementor-mobile-align-justify elementor-widget-mobile__width-inherit elementor-tablet-align-justify elementor-widget elementor-widget-button\" data-id=\"19ad3fd3\" data-element_type=\"widget\" data-e-type=\"widget\" data-widget_type=\"button.default\">\n\t\t\t\t<div class=\"elementor-widget-container\">\n\t\t\t\t\t\t\t\t\t<div class=\"elementor-button-wrapper\">\n\t\t\t\t\t<a class=\"elementor-button elementor-button-link elementor-size-sm\" href=\"https:\/\/denhelder.online\/de\/locatie\/de-helderse-vallei\/\">\n\t\t\t\t\t\t<span class=\"elementor-button-content-wrapper\">\n\t\t\t\t\t\t<span class=\"elementor-button-icon\">\n\t\t\t\t<i aria-hidden=\"true\" class=\"fas fa-chevron-right\"><\/i>\t\t\t<\/span>\n\t\t\t\t\t\t\t\t\t<span class=\"elementor-button-text\">Besuchen Sie das Helderse-Tal<\/span>\n\t\t\t\t\t<\/span>\n\t\t\t\t\t<\/a>\n\t\t\t\t<\/div>\n\t\t\t\t\t\t\t\t<\/div>\n\t\t\t\t<\/div>\n\t\t\t\t<\/div>\n\t\t\t\t<\/div>\n\t\t<div class=\"elementor-element elementor-element-7f36a77a e-con-full e-flex e-con e-child\" data-id=\"7f36a77a\" data-element_type=\"container\" data-e-type=\"container\" data-settings=\"{&quot;jet_parallax_layout_list&quot;:[]}\">\n\t\t\t\t<div class=\"elementor-element elementor-element-643537af elementor-widget elementor-widget-image\" data-id=\"643537af\" data-element_type=\"widget\" data-e-type=\"widget\" data-widget_type=\"image.default\">\n\t\t\t\t<div class=\"elementor-widget-container\">\n\t\t\t\t\t\t\t\t\t\t\t\t\t\t\t<img fetchpriority=\"high\" decoding=\"async\" width=\"800\" height=\"600\" src=\"https:\/\/denhelder.online\/wp-content\/uploads\/2026\/03\/Terrein-vanaf-de-uitkijktoren-okt-2022-3-1024x768.jpg\" class=\"attachment-large size-large wp-image-22060\" alt=\"Helderse Tal vom Aussichtsturm\" srcset=\"https:\/\/denhelder.online\/wp-content\/uploads\/2026\/03\/Terrein-vanaf-de-uitkijktoren-okt-2022-3-1024x768.jpg 1024w, https:\/\/denhelder.online\/wp-content\/uploads\/2026\/03\/Terrein-vanaf-de-uitkijktoren-okt-2022-3-300x225.jpg 300w, https:\/\/denhelder.online\/wp-content\/uploads\/2026\/03\/Terrein-vanaf-de-uitkijktoren-okt-2022-3-768x576.jpg 768w, https:\/\/denhelder.online\/wp-content\/uploads\/2026\/03\/Terrein-vanaf-de-uitkijktoren-okt-2022-3-1536x1152.jpg 1536w, https:\/\/denhelder.online\/wp-content\/uploads\/2026\/03\/Terrein-vanaf-de-uitkijktoren-okt-2022-3-2048x1536.jpg 2048w, https:\/\/denhelder.online\/wp-content\/uploads\/2026\/03\/Terrein-vanaf-de-uitkijktoren-okt-2022-3-16x12.jpg 16w, https:\/\/denhelder.online\/wp-content\/uploads\/2026\/03\/Terrein-vanaf-de-uitkijktoren-okt-2022-3-600x450.jpg 600w\" sizes=\"(max-width: 800px) 100vw, 800px\" \/>\t\t\t\t\t\t\t\t\t\t\t\t\t\t\t<\/div>\n\t\t\t\t<\/div>\n\t\t\t\t<\/div>\n\t\t\t\t\t<\/div>\n\t\t\t\t<\/div>\n\t\t<div class=\"elementor-element elementor-element-62dcea3e e-flex e-con-boxed e-con e-parent\" data-id=\"62dcea3e\" data-element_type=\"container\" data-e-type=\"container\" data-settings=\"{&quot;jet_parallax_layout_list&quot;:[]}\">\n\t\t\t\t\t<div class=\"e-con-inner\">\n\t\t<div class=\"elementor-element elementor-element-22b634c4 e-con-full e-flex e-con e-child\" data-id=\"22b634c4\" data-element_type=\"container\" data-e-type=\"container\" data-settings=\"{&quot;jet_parallax_layout_list&quot;:[]}\">\n\t\t\t\t<div class=\"elementor-element elementor-element-199b2358 elementor-widget__width-inherit elementor-widget elementor-widget-heading\" data-id=\"199b2358\" data-element_type=\"widget\" data-e-type=\"widget\" data-widget_type=\"heading.default\">\n\t\t\t\t<div class=\"elementor-widget-container\">\n\t\t\t\t\t<span class=\"elementor-heading-title elementor-size-default\">Barfu\u00dfpfad<\/span>\t\t\t\t<\/div>\n\t\t\t\t<\/div>\n\t\t\t\t<div class=\"elementor-element elementor-element-124b449b elementor-widget__width-inherit elementor-widget elementor-widget-heading\" data-id=\"124b449b\" data-element_type=\"widget\" data-e-type=\"widget\" data-widget_type=\"heading.default\">\n\t\t\t\t<div class=\"elementor-widget-container\">\n\t\t\t\t\t<h2 class=\"elementor-heading-title elementor-size-default\">Vervollst\u00e4ndigen Sie Ihren Tag<\/h2>\t\t\t\t<\/div>\n\t\t\t\t<\/div>\n\t\t\t\t<div class=\"elementor-element elementor-element-252a2d41 elementor-widget elementor-widget-text-editor\" data-id=\"252a2d41\" data-element_type=\"widget\" data-e-type=\"widget\" data-widget_type=\"text-editor.default\">\n\t\t\t\t<div class=\"elementor-widget-container\">\n\t\t\t\t\t\t\t\t\t<p data-start=\"1136\" data-end=\"1519\">Nat\u00fcrlich k\u00f6nnen Sie den Barfu\u00dfpfad besteigen oder Ihren Besuch mit einem Spaziergang durch <a href=\"https:\/\/denhelder.online\/de\/natur\/dunkle-dunen\/\">Wald Die dunklen D\u00fcnen<\/a>, wo Sie spazieren gehen und V\u00f6gel beobachten k\u00f6nnen. Lust auf mehr Abenteuer? Dann ist De KlimVallei, ein anspruchsvoller Kletterpark zwischen den B\u00e4umen, ein tolles Erlebnis. Lassen Sie den Tag entspannt im Pfannkuchenhaus \u201eDe Pannenkoekenvallei\u201c ausklingen. Hier k\u00f6nnen Jung und Alt in einer attraktiven, gr\u00fcnen Umgebung ein k\u00f6stliches Essen genie\u00dfen.<\/p><p data-start=\"1521\" data-end=\"1663\">Ob Sie zum Wandern, Erkunden oder einfach zum Entspannen kommen: De Helderse Vallei ist ein inspirierender Ort, an dem Natur und Ruhe zusammenkommen.<\/p>\t\t\t\t\t\t\t\t<\/div>\n\t\t\t\t<\/div>\n\t\t<div class=\"elementor-element elementor-element-5e199b5f e-con-full e-flex e-con e-child\" data-id=\"5e199b5f\" data-element_type=\"container\" data-e-type=\"container\" data-settings=\"{&quot;jet_parallax_layout_list&quot;:[]}\">\n\t\t\t\t<div class=\"elementor-element elementor-element-1cd1cd1 elementor-mobile-align-justify elementor-widget-mobile__width-inherit elementor-tablet-align-justify elementor-widget elementor-widget-button\" data-id=\"1cd1cd1\" data-element_type=\"widget\" data-e-type=\"widget\" data-widget_type=\"button.default\">\n\t\t\t\t<div class=\"elementor-widget-container\">\n\t\t\t\t\t\t\t\t\t<div class=\"elementor-button-wrapper\">\n\t\t\t\t\t<a class=\"elementor-button elementor-button-link elementor-size-sm\" href=\"#\">\n\t\t\t\t\t\t<span class=\"elementor-button-content-wrapper\">\n\t\t\t\t\t\t<span class=\"elementor-button-icon\">\n\t\t\t\t<i aria-hidden=\"true\" class=\"fas fa-chevron-right\"><\/i>\t\t\t<\/span>\n\t\t\t\t\t\t\t\t\t<span class=\"elementor-button-text\">Prim\u00e4re Schaltfl\u00e4che<\/span>\n\t\t\t\t\t<\/span>\n\t\t\t\t\t<\/a>\n\t\t\t\t<\/div>\n\t\t\t\t\t\t\t\t<\/div>\n\t\t\t\t<\/div>\n\t\t\t\t<\/div>\n\t\t\t\t<\/div>\n\t\t<div class=\"elementor-element elementor-element-6a6e1983 e-con-full e-flex e-con e-child\" data-id=\"6a6e1983\" data-element_type=\"container\" data-e-type=\"container\" data-settings=\"{&quot;jet_parallax_layout_list&quot;:[]}\">\n\t\t\t\t<div class=\"elementor-element elementor-element-5c0ca0b4 elementor-widget elementor-widget-image\" data-id=\"5c0ca0b4\" data-element_type=\"widget\" data-e-type=\"widget\" data-widget_type=\"image.default\">\n\t\t\t\t<div class=\"elementor-widget-container\">\n\t\t\t\t\t\t\t\t\t\t\t\t\t\t\t<img decoding=\"async\" width=\"800\" height=\"532\" src=\"https:\/\/denhelder.online\/wp-content\/uploads\/2025\/02\/Blote-Voetenpad-De-Helderse-Vallei-1024x681.jpg\" class=\"attachment-large size-large wp-image-6797\" alt=\"\" srcset=\"https:\/\/denhelder.online\/wp-content\/uploads\/2025\/02\/Blote-Voetenpad-De-Helderse-Vallei-1024x681.jpg 1024w, https:\/\/denhelder.online\/wp-content\/uploads\/2025\/02\/Blote-Voetenpad-De-Helderse-Vallei-300x199.jpg 300w, https:\/\/denhelder.online\/wp-content\/uploads\/2025\/02\/Blote-Voetenpad-De-Helderse-Vallei-768x511.jpg 768w, https:\/\/denhelder.online\/wp-content\/uploads\/2025\/02\/Blote-Voetenpad-De-Helderse-Vallei-600x399.jpg 600w, https:\/\/denhelder.online\/wp-content\/uploads\/2025\/02\/Blote-Voetenpad-De-Helderse-Vallei.jpg 1504w\" sizes=\"(max-width: 800px) 100vw, 800px\" \/>\t\t\t\t\t\t\t\t\t\t\t\t\t\t\t<\/div>\n\t\t\t\t<\/div>\n\t\t\t\t<\/div>\n\t\t\t\t\t<\/div>\n\t\t\t\t<\/div>\n\t\t\t\t<\/div>","protected":false},"excerpt":{"rendered":"<p>Ontdek, beleef en geniet van de natuur De Helderse Vallei Aan de rand van Bos De Donkere Duinen ligt De Helderse Vallei, een groene oase vol natuurbeleving. Hier ontdek, ervaar en geniet je van alles wat de natuur te bieden heeft. Dit bezoekerscentrum en deze stadsboerderij is perfect voor natuurliefhebbers en gezinnen die Den Helder [&hellip;]<\/p>\n","protected":false},"author":16,"featured_media":6791,"parent":5587,"menu_order":0,"comment_status":"closed","ping_status":"closed","template":"elementor_header_footer","meta":{"footnotes":""},"tags":[],"doelgroep":[],"categorie":[5676,5677,5681],"class_list":["post-6781","page","type-page","status-publish","has-post-thumbnail","hentry","categorie-bezienswaardigheden","categorie-kunst-cultuur","categorie-natuur"],"yoast_head":"<!-- This site is optimized with the Yoast SEO Premium plugin v24.7 (Yoast SEO v27.4) - https:\/\/yoast.com\/product\/yoast-seo-premium-wordpress\/ -->\n<title>Beleef De Helderse Vallei: natuur, dieren en avontuur dichtbij<\/title>\n<meta name=\"description\" content=\"Ontdek De Helderse Vallei, een groene oase in Den Helder. Leer veel over natuur en duurzaamheid en ontmoet de dieren.\" \/>\n<meta name=\"robots\" content=\"index, follow, max-snippet:-1, max-image-preview:large, max-video-preview:-1\" \/>\n<link rel=\"canonical\" href=\"https:\/\/denhelder.online\/de\/was-zu-tun\/sehenswurdigkeiten\/natur\/klares-tal\/\" \/>\n<meta property=\"og:locale\" content=\"de_DE\" \/>\n<meta property=\"og:type\" content=\"article\" \/>\n<meta property=\"og:title\" content=\"De Helderse Vallei\" \/>\n<meta property=\"og:description\" content=\"Ontdek De Helderse Vallei, een groene oase in Den Helder. Leer veel over natuur en duurzaamheid en ontmoet de dieren.\" \/>\n<meta property=\"og:url\" content=\"https:\/\/denhelder.online\/de\/was-zu-tun\/sehenswurdigkeiten\/natur\/klares-tal\/\" \/>\n<meta property=\"og:site_name\" content=\"Den Helder Online\" \/>\n<meta property=\"article:modified_time\" content=\"2026-03-23T07:51:52+00:00\" \/>\n<meta property=\"og:image\" content=\"https:\/\/denhelder.online\/wp-content\/uploads\/2025\/02\/In-stap-door-de-Vallei.jpg\" \/>\n\t<meta property=\"og:image:width\" content=\"1848\" \/>\n\t<meta property=\"og:image:height\" content=\"1224\" \/>\n\t<meta property=\"og:image:type\" content=\"image\/jpeg\" \/>\n<meta name=\"twitter:card\" content=\"summary_large_image\" \/>\n<meta name=\"twitter:label1\" content=\"Gesch\u00e4tzte Lesezeit\" \/>\n\t<meta name=\"twitter:data1\" content=\"2\u00a0Minuten\" \/>\n<script type=\"application\/ld+json\" class=\"yoast-schema-graph\">{\"@context\":\"https:\\\/\\\/schema.org\",\"@graph\":[{\"@type\":\"WebPage\",\"@id\":\"https:\\\/\\\/denhelder.online\\\/en\\\/what-to-do\\\/sights\\\/nature\\\/clear-valley\\\/\",\"url\":\"https:\\\/\\\/denhelder.online\\\/en\\\/what-to-do\\\/sights\\\/nature\\\/clear-valley\\\/\",\"name\":\"Beleef De Helderse Vallei: natuur, dieren en avontuur dichtbij\",\"isPartOf\":{\"@id\":\"https:\\\/\\\/denhelder.online\\\/#website\"},\"primaryImageOfPage\":{\"@id\":\"https:\\\/\\\/denhelder.online\\\/en\\\/what-to-do\\\/sights\\\/nature\\\/clear-valley\\\/#primaryimage\"},\"image\":{\"@id\":\"https:\\\/\\\/denhelder.online\\\/en\\\/what-to-do\\\/sights\\\/nature\\\/clear-valley\\\/#primaryimage\"},\"thumbnailUrl\":\"https:\\\/\\\/denhelder.online\\\/wp-content\\\/uploads\\\/2025\\\/02\\\/In-stap-door-de-Vallei.jpg\",\"datePublished\":\"2025-02-13T12:15:47+00:00\",\"dateModified\":\"2026-03-23T07:51:52+00:00\",\"description\":\"Ontdek De Helderse Vallei, een groene oase in Den Helder. Leer veel over natuur en duurzaamheid en ontmoet de dieren.\",\"breadcrumb\":{\"@id\":\"https:\\\/\\\/denhelder.online\\\/en\\\/what-to-do\\\/sights\\\/nature\\\/clear-valley\\\/#breadcrumb\"},\"inLanguage\":\"de\",\"potentialAction\":[{\"@type\":\"ReadAction\",\"target\":[\"https:\\\/\\\/denhelder.online\\\/en\\\/what-to-do\\\/sights\\\/nature\\\/clear-valley\\\/\"]}]},{\"@type\":\"ImageObject\",\"inLanguage\":\"de\",\"@id\":\"https:\\\/\\\/denhelder.online\\\/en\\\/what-to-do\\\/sights\\\/nature\\\/clear-valley\\\/#primaryimage\",\"url\":\"https:\\\/\\\/denhelder.online\\\/wp-content\\\/uploads\\\/2025\\\/02\\\/In-stap-door-de-Vallei.jpg\",\"contentUrl\":\"https:\\\/\\\/denhelder.online\\\/wp-content\\\/uploads\\\/2025\\\/02\\\/In-stap-door-de-Vallei.jpg\",\"width\":1848,\"height\":1224},{\"@type\":\"BreadcrumbList\",\"@id\":\"https:\\\/\\\/denhelder.online\\\/en\\\/what-to-do\\\/sights\\\/nature\\\/clear-valley\\\/#breadcrumb\",\"itemListElement\":[{\"@type\":\"ListItem\",\"position\":1,\"name\":\"Home\",\"item\":\"https:\\\/\\\/denhelder.online\\\/\"},{\"@type\":\"ListItem\",\"position\":2,\"name\":\"Wat te doen\",\"item\":\"https:\\\/\\\/denhelder.online\\\/wat-te-doen\\\/\"},{\"@type\":\"ListItem\",\"position\":3,\"name\":\"Musea en Bezienswaardigheden\",\"item\":\"https:\\\/\\\/denhelder.online\\\/wat-te-doen\\\/bezienswaardigheden\\\/\"},{\"@type\":\"ListItem\",\"position\":4,\"name\":\"Natuur\",\"item\":\"https:\\\/\\\/denhelder.online\\\/en\\\/what-to-do\\\/sights\\\/nature\\\/\"},{\"@type\":\"ListItem\",\"position\":5,\"name\":\"De Helderse Vallei\"}]},{\"@type\":\"WebSite\",\"@id\":\"https:\\\/\\\/denhelder.online\\\/#website\",\"url\":\"https:\\\/\\\/denhelder.online\\\/\",\"name\":\"Den Helder Online\",\"description\":\"Beleef Den Helder\",\"publisher\":{\"@id\":\"https:\\\/\\\/denhelder.online\\\/#organization\"},\"potentialAction\":[{\"@type\":\"SearchAction\",\"target\":{\"@type\":\"EntryPoint\",\"urlTemplate\":\"https:\\\/\\\/denhelder.online\\\/?s={search_term_string}\"},\"query-input\":{\"@type\":\"PropertyValueSpecification\",\"valueRequired\":true,\"valueName\":\"search_term_string\"}}],\"inLanguage\":\"de\"},{\"@type\":\"Organization\",\"@id\":\"https:\\\/\\\/denhelder.online\\\/#organization\",\"name\":\"Den Helder Online\",\"url\":\"https:\\\/\\\/denhelder.online\\\/\",\"logo\":{\"@type\":\"ImageObject\",\"inLanguage\":\"de\",\"@id\":\"https:\\\/\\\/denhelder.online\\\/#\\\/schema\\\/logo\\\/image\\\/\",\"url\":\"https:\\\/\\\/denhelder.online\\\/wp-content\\\/uploads\\\/2021\\\/12\\\/DitIsDH-Logo-26-tagline.svg\",\"contentUrl\":\"https:\\\/\\\/denhelder.online\\\/wp-content\\\/uploads\\\/2021\\\/12\\\/DitIsDH-Logo-26-tagline.svg\",\"width\":1717.0999999999999,\"height\":934.89999999999998,\"caption\":\"Den Helder Online\"},\"image\":{\"@id\":\"https:\\\/\\\/denhelder.online\\\/#\\\/schema\\\/logo\\\/image\\\/\"}}]}<\/script>\n<!-- \/ Yoast SEO Premium plugin. -->","yoast_head_json":{"title":"Erleben Sie De Helderse Vallei: Natur, Tiere und Abenteuer in der N\u00e4he","description":"Entdecken Sie De Helderse Vallei, eine gr\u00fcne Oase in Den Helder. Erfahre viel \u00fcber Natur und Nachhaltigkeit und lerne die Tiere kennen.","robots":{"index":"index","follow":"follow","max-snippet":"max-snippet:-1","max-image-preview":"max-image-preview:large","max-video-preview":"max-video-preview:-1"},"canonical":"https:\/\/denhelder.online\/de\/was-zu-tun\/sehenswurdigkeiten\/natur\/klares-tal\/","og_locale":"de_DE","og_type":"article","og_title":"De Helderse Vallei","og_description":"Ontdek De Helderse Vallei, een groene oase in Den Helder. Leer veel over natuur en duurzaamheid en ontmoet de dieren.","og_url":"https:\/\/denhelder.online\/de\/was-zu-tun\/sehenswurdigkeiten\/natur\/klares-tal\/","og_site_name":"Den Helder Online","article_modified_time":"2026-03-23T07:51:52+00:00","og_image":[{"width":1848,"height":1224,"url":"https:\/\/denhelder.online\/wp-content\/uploads\/2025\/02\/In-stap-door-de-Vallei.jpg","type":"image\/jpeg"}],"twitter_card":"summary_large_image","twitter_misc":{"Gesch\u00e4tzte Lesezeit":"2\u00a0Minuten"},"schema":{"@context":"https:\/\/schema.org","@graph":[{"@type":"WebPage","@id":"https:\/\/denhelder.online\/en\/what-to-do\/sights\/nature\/clear-valley\/","url":"https:\/\/denhelder.online\/en\/what-to-do\/sights\/nature\/clear-valley\/","name":"Erleben Sie De Helderse Vallei: Natur, Tiere und Abenteuer in der N\u00e4he","isPartOf":{"@id":"https:\/\/denhelder.online\/#website"},"primaryImageOfPage":{"@id":"https:\/\/denhelder.online\/en\/what-to-do\/sights\/nature\/clear-valley\/#primaryimage"},"image":{"@id":"https:\/\/denhelder.online\/en\/what-to-do\/sights\/nature\/clear-valley\/#primaryimage"},"thumbnailUrl":"https:\/\/denhelder.online\/wp-content\/uploads\/2025\/02\/In-stap-door-de-Vallei.jpg","datePublished":"2025-02-13T12:15:47+00:00","dateModified":"2026-03-23T07:51:52+00:00","description":"Entdecken Sie De Helderse Vallei, eine gr\u00fcne Oase in Den Helder. Erfahre viel \u00fcber Natur und Nachhaltigkeit und lerne die Tiere kennen.","breadcrumb":{"@id":"https:\/\/denhelder.online\/en\/what-to-do\/sights\/nature\/clear-valley\/#breadcrumb"},"inLanguage":"de","potentialAction":[{"@type":"ReadAction","target":["https:\/\/denhelder.online\/en\/what-to-do\/sights\/nature\/clear-valley\/"]}]},{"@type":"ImageObject","inLanguage":"de","@id":"https:\/\/denhelder.online\/en\/what-to-do\/sights\/nature\/clear-valley\/#primaryimage","url":"https:\/\/denhelder.online\/wp-content\/uploads\/2025\/02\/In-stap-door-de-Vallei.jpg","contentUrl":"https:\/\/denhelder.online\/wp-content\/uploads\/2025\/02\/In-stap-door-de-Vallei.jpg","width":1848,"height":1224},{"@type":"BreadcrumbList","@id":"https:\/\/denhelder.online\/en\/what-to-do\/sights\/nature\/clear-valley\/#breadcrumb","itemListElement":[{"@type":"ListItem","position":1,"name":"Home","item":"https:\/\/denhelder.online\/"},{"@type":"ListItem","position":2,"name":"Wat te doen","item":"https:\/\/denhelder.online\/wat-te-doen\/"},{"@type":"ListItem","position":3,"name":"Musea en Bezienswaardigheden","item":"https:\/\/denhelder.online\/wat-te-doen\/bezienswaardigheden\/"},{"@type":"ListItem","position":4,"name":"Natuur","item":"https:\/\/denhelder.online\/en\/what-to-do\/sights\/nature\/"},{"@type":"ListItem","position":5,"name":"De Helderse Vallei"}]},{"@type":"WebSite","@id":"https:\/\/denhelder.online\/#website","url":"https:\/\/denhelder.online\/","name":"Den Helder Online","description":"Erleben Sie Den Helder","publisher":{"@id":"https:\/\/denhelder.online\/#organization"},"potentialAction":[{"@type":"SearchAction","target":{"@type":"EntryPoint","urlTemplate":"https:\/\/denhelder.online\/?s={search_term_string}"},"query-input":{"@type":"PropertyValueSpecification","valueRequired":true,"valueName":"search_term_string"}}],"inLanguage":"de"},{"@type":"Organization","@id":"https:\/\/denhelder.online\/#organization","name":"Den Helder Online","url":"https:\/\/denhelder.online\/","logo":{"@type":"ImageObject","inLanguage":"de","@id":"https:\/\/denhelder.online\/#\/schema\/logo\/image\/","url":"https:\/\/denhelder.online\/wp-content\/uploads\/2021\/12\/DitIsDH-Logo-26-tagline.svg","contentUrl":"https:\/\/denhelder.online\/wp-content\/uploads\/2021\/12\/DitIsDH-Logo-26-tagline.svg","width":1717.0999999999999,"height":934.89999999999998,"caption":"Den Helder Online"},"image":{"@id":"https:\/\/denhelder.online\/#\/schema\/logo\/image\/"}}]}},"_links":{"self":[{"href":"https:\/\/denhelder.online\/de\/wp-json\/wp\/v2\/pages\/6781","targetHints":{"allow":["GET"]}}],"collection":[{"href":"https:\/\/denhelder.online\/de\/wp-json\/wp\/v2\/pages"}],"about":[{"href":"https:\/\/denhelder.online\/de\/wp-json\/wp\/v2\/types\/page"}],"author":[{"embeddable":true,"href":"https:\/\/denhelder.online\/de\/wp-json\/wp\/v2\/users\/16"}],"replies":[{"embeddable":true,"href":"https:\/\/denhelder.online\/de\/wp-json\/wp\/v2\/comments?post=6781"}],"version-history":[{"count":0,"href":"https:\/\/denhelder.online\/de\/wp-json\/wp\/v2\/pages\/6781\/revisions"}],"up":[{"embeddable":true,"href":"https:\/\/denhelder.online\/de\/wp-json\/wp\/v2\/pages\/5587"}],"wp:featuredmedia":[{"embeddable":true,"href":"https:\/\/denhelder.online\/de\/wp-json\/wp\/v2\/media\/6791"}],"wp:attachment":[{"href":"https:\/\/denhelder.online\/de\/wp-json\/wp\/v2\/media?parent=6781"}],"wp:term":[{"taxonomy":"post_tag","embeddable":true,"href":"https:\/\/denhelder.online\/de\/wp-json\/wp\/v2\/tags?post=6781"},{"taxonomy":"doelgroep","embeddable":true,"href":"https:\/\/denhelder.online\/de\/wp-json\/wp\/v2\/doelgroep?post=6781"},{"taxonomy":"categorie","embeddable":true,"href":"https:\/\/denhelder.online\/de\/wp-json\/wp\/v2\/categorie?post=6781"}],"curies":[{"name":"wp","href":"https:\/\/api.w.org\/{rel}","templated":true}]}}