{"id":9147,"date":"2025-03-24T11:28:26","date_gmt":"2025-03-24T10:28:26","guid":{"rendered":"https:\/\/denhelder.online\/?page_id=9147"},"modified":"2026-01-13T13:56:48","modified_gmt":"2026-01-13T12:56:48","slug":"schule-7-das-wohnzimmer-von-den-helder","status":"publish","type":"page","link":"https:\/\/denhelder.online\/de\/culturele-centra\/school-7-de-huiskamer-van-den-helder\/","title":{"rendered":"Schule 7 | das Wohnzimmer von Den Helder"},"content":{"rendered":"<div data-elementor-type=\"wp-page\" data-elementor-id=\"9147\" class=\"elementor elementor-9147\" data-elementor-post-type=\"page\">\n\t\t\t\t<div class=\"elementor-element elementor-element-108172ef e-flex e-con-boxed e-con e-parent\" data-id=\"108172ef\" data-element_type=\"container\" data-e-type=\"container\" data-settings=\"{&quot;jet_parallax_layout_list&quot;:[]}\">\n\t\t\t\t\t<div class=\"e-con-inner\">\n\t\t<div class=\"elementor-element elementor-element-44b6b434 e-con-full e-flex e-con e-child\" data-id=\"44b6b434\" data-element_type=\"container\" data-e-type=\"container\" data-settings=\"{&quot;jet_parallax_layout_list&quot;:[]}\">\n\t\t\t\t<div class=\"elementor-element elementor-element-5acd02ab elementor-widget elementor-widget-breadcrumbs\" data-id=\"5acd02ab\" data-element_type=\"widget\" data-e-type=\"widget\" data-widget_type=\"breadcrumbs.default\">\n\t\t\t\t<div class=\"elementor-widget-container\">\n\t\t\t\t\t<p id=\"breadcrumbs\"><span><span><a href=\"https:\/\/denhelder.online\/de\/\">Heim<\/a><\/span><\/span><\/p>\t\t\t\t<\/div>\n\t\t\t\t<\/div>\n\t\t<div class=\"elementor-element elementor-element-c59bbc3 e-con-full e-flex e-con e-child\" data-id=\"c59bbc3\" data-element_type=\"container\" data-e-type=\"container\" data-settings=\"{&quot;jet_parallax_layout_list&quot;:[]}\">\n\t\t\t\t<div class=\"elementor-element elementor-element-78bd4690 elementor-widget elementor-widget-heading\" data-id=\"78bd4690\" data-element_type=\"widget\" data-e-type=\"widget\" data-widget_type=\"heading.default\">\n\t\t\t\t<div class=\"elementor-widget-container\">\n\t\t\t\t\t<p class=\"elementor-heading-title elementor-size-default\">Folgen Sie uns in den sozialen Netzwerken:<\/p>\t\t\t\t<\/div>\n\t\t\t\t<\/div>\n\t\t\t\t<div class=\"elementor-element elementor-element-17f3d0c3 elementor-icon-list--layout-inline elementor-align-end elementor-list-item-link-full_width elementor-widget elementor-widget-global elementor-global-1176 elementor-widget-icon-list\" data-id=\"17f3d0c3\" data-element_type=\"widget\" data-e-type=\"widget\" data-widget_type=\"icon-list.default\">\n\t\t\t\t<div class=\"elementor-widget-container\">\n\t\t\t\t\t\t\t<ul class=\"elementor-icon-list-items elementor-inline-items\">\n\t\t\t\t\t\t\t<li class=\"elementor-icon-list-item elementor-inline-item\">\n\t\t\t\t\t\t\t\t\t\t\t<a href=\"https:\/\/www.facebook.com\/ditisdenhelder\" target=\"_blank\">\n\n\t\t\t\t\t\t\t\t\t\t\t\t<span class=\"elementor-icon-list-icon\">\n\t\t\t\t\t\t\t<i aria-hidden=\"true\" class=\"fab fa-facebook\"><\/i>\t\t\t\t\t\t<\/span>\n\t\t\t\t\t\t\t\t\t\t<span class=\"elementor-icon-list-text\"><\/span>\n\t\t\t\t\t\t\t\t\t\t\t<\/a>\n\t\t\t\t\t\t\t\t\t<\/li>\n\t\t\t\t\t\t\t\t<li class=\"elementor-icon-list-item elementor-inline-item\">\n\t\t\t\t\t\t\t\t\t\t\t<a href=\"https:\/\/www.instagram.com\/ditisdenhelder\/\" target=\"_blank\">\n\n\t\t\t\t\t\t\t\t\t\t\t\t<span class=\"elementor-icon-list-icon\">\n\t\t\t\t\t\t\t<i aria-hidden=\"true\" class=\"fab fa-instagram\"><\/i>\t\t\t\t\t\t<\/span>\n\t\t\t\t\t\t\t\t\t\t<span class=\"elementor-icon-list-text\"><\/span>\n\t\t\t\t\t\t\t\t\t\t\t<\/a>\n\t\t\t\t\t\t\t\t\t<\/li>\n\t\t\t\t\t\t\t\t<li class=\"elementor-icon-list-item elementor-inline-item\">\n\t\t\t\t\t\t\t\t\t\t\t<a href=\"https:\/\/www.youtube.com\/channel\/UCxXdcocRQwb3lDwiYBp3llg\" target=\"_blank\">\n\n\t\t\t\t\t\t\t\t\t\t\t\t<span class=\"elementor-icon-list-icon\">\n\t\t\t\t\t\t\t<i aria-hidden=\"true\" class=\"fab fa-youtube\"><\/i>\t\t\t\t\t\t<\/span>\n\t\t\t\t\t\t\t\t\t\t<span class=\"elementor-icon-list-text\"><\/span>\n\t\t\t\t\t\t\t\t\t\t\t<\/a>\n\t\t\t\t\t\t\t\t\t<\/li>\n\t\t\t\t\t\t\t\t<li class=\"elementor-icon-list-item elementor-inline-item\">\n\t\t\t\t\t\t\t\t\t\t\t<a href=\"https:\/\/www.linkedin.com\/company\/citymarketing-den-helder\" target=\"_blank\">\n\n\t\t\t\t\t\t\t\t\t\t\t\t<span class=\"elementor-icon-list-icon\">\n\t\t\t\t\t\t\t<i aria-hidden=\"true\" class=\"fab fa-linkedin-in\"><\/i>\t\t\t\t\t\t<\/span>\n\t\t\t\t\t\t\t\t\t\t<span class=\"elementor-icon-list-text\"><\/span>\n\t\t\t\t\t\t\t\t\t\t\t<\/a>\n\t\t\t\t\t\t\t\t\t<\/li>\n\t\t\t\t\t\t<\/ul>\n\t\t\t\t\t\t<\/div>\n\t\t\t\t<\/div>\n\t\t\t\t<\/div>\n\t\t\t\t<\/div>\n\t\t\t\t\t<\/div>\n\t\t\t\t<\/div>\n\t\t<div class=\"elementor-element elementor-element-351f7c63 e-flex e-con-boxed e-con e-parent\" data-id=\"351f7c63\" data-element_type=\"container\" data-e-type=\"container\" data-settings=\"{&quot;jet_parallax_layout_list&quot;:[]}\">\n\t\t\t\t\t<div class=\"e-con-inner\">\n\t\t<div class=\"elementor-element elementor-element-215f3713 e-con-full e-flex e-con e-child\" data-id=\"215f3713\" data-element_type=\"container\" data-e-type=\"container\" data-settings=\"{&quot;jet_parallax_layout_list&quot;:[]}\">\n\t\t\t\t<div class=\"elementor-element elementor-element-1ad6bfd0 elementor-widget__width-inherit elementor-widget elementor-widget-heading\" data-id=\"1ad6bfd0\" data-element_type=\"widget\" data-e-type=\"widget\" data-widget_type=\"heading.default\">\n\t\t\t\t<div class=\"elementor-widget-container\">\n\t\t\t\t\t<h2 class=\"elementor-heading-title elementor-size-default\">Schule 7 | das Wohnzimmer von Den Helder<\/h2>\t\t\t\t<\/div>\n\t\t\t\t<\/div>\n\t\t\t\t<div class=\"elementor-element elementor-element-10218b0d elementor-widget elementor-widget-text-editor\" data-id=\"10218b0d\" data-element_type=\"widget\" data-e-type=\"widget\" data-widget_type=\"text-editor.default\">\n\t\t\t\t<div class=\"elementor-widget-container\">\n\t\t\t\t\t\t\t\t\t<p>Mitten im Stadtzentrum liegt die Bibliothek School 7, eine der sch\u00f6nsten Bibliotheken der Niederlande. Hier werden Geschichten lebendig \u2013 nicht nur auf Papier, sondern vor allem zwischen Menschen. In diesem charmanten Geb\u00e4ude, das in einer ehemaligen Schule untergebracht ist, erleben Sie eine einzigartige Mischung aus Ruhe, Inspiration und Begegnung. Kein Wunder, dass School 7 2017 zur besten Bibliothek der Niederlande gek\u00fcrt wurde.<\/p><p><strong>Ein Ort, an dem Kultur und Komfort zusammenkommen<\/strong><br \/>Schule 7 ist weit mehr als nur eine Bibliothek. Sie ist ein Treffpunkt, an dem man entspannen, Ideen austauschen und Wissen erwerben kann. Finden Sie eine gem\u00fctliche Leseecke oder nehmen Sie im einladenden Lesecaf\u00e9 Platz. Sie lernen oder arbeiten lieber in Ruhe? Dann stehen Ihnen komfortable Arbeitsbereiche mit WLAN, Lesetischen und sogar Computerarbeitspl\u00e4tzen zur Verf\u00fcgung. Auch Besprechungen und Brainstorming-Sessions sind hier m\u00f6glich \u2013 in R\u00e4umlichkeiten mit Charakter und moderner Ausstattung.<\/p><p><strong>Aktivit\u00e4ten f\u00fcr Jung und Alt<\/strong><br \/>Tags\u00fcber herrscht in der Schule 7 reges Treiben. Es finden Vorlesungen, kleine Theaterauff\u00fchrungen und Kurse des Helderse Community College statt. Die Bibliothek ist f\u00fcr alle zug\u00e4nglich und einladend. Eltern bringen ihre Kinder zur Vorlesestunde oder spielen einfach gemeinsam Klavier. Sch\u00fcler und angehende Unternehmer vertiefen sich derweil in ihre Laptops, und Nachbarn unterhalten sich angeregt am Lesetisch.<\/p><p><strong>Ein inklusiver und barrierefreier Ort<\/strong><br \/>Die Schule Nr. 7 ist f\u00fcr alle da. Das Geb\u00e4ude ist barrierefrei zug\u00e4nglich, verf\u00fcgt \u00fcber behindertengerechte Toiletten und einen Aufzug zu den oberen Stockwerken. Dadurch ist sie ein sicherer und einladender Ort \u2013 auch f\u00fcr Menschen mit Behinderungen. Ob Sie auf einen Kaffee vorbeischauen, sich zu einem Meeting treffen oder durch die Helderse Historical Society etwas \u00fcber die lokale Geschichte erfahren m\u00f6chten \u2013 Sie werden sich wie zu Hause f\u00fchlen.<\/p>\t\t\t\t\t\t\t\t<\/div>\n\t\t\t\t<\/div>\n\t\t<div class=\"elementor-element elementor-element-65a60710 e-con-full e-flex e-con e-child\" data-id=\"65a60710\" data-element_type=\"container\" data-e-type=\"container\" data-settings=\"{&quot;jet_parallax_layout_list&quot;:[]}\">\n\t\t\t\t<div class=\"elementor-element elementor-element-4871fb03 elementor-mobile-align-justify elementor-widget-mobile__width-inherit elementor-tablet-align-justify elementor-widget elementor-widget-button\" data-id=\"4871fb03\" data-element_type=\"widget\" data-e-type=\"widget\" data-widget_type=\"button.default\">\n\t\t\t\t<div class=\"elementor-widget-container\">\n\t\t\t\t\t\t\t\t\t<div class=\"elementor-button-wrapper\">\n\t\t\t\t\t<a class=\"elementor-button elementor-button-link elementor-size-sm\" href=\"https:\/\/www.kopgroepbibliotheken.nl\">\n\t\t\t\t\t\t<span class=\"elementor-button-content-wrapper\">\n\t\t\t\t\t\t<span class=\"elementor-button-icon\">\n\t\t\t\t<i aria-hidden=\"true\" class=\"fas fa-chevron-right\"><\/i>\t\t\t<\/span>\n\t\t\t\t\t\t\t\t\t<span class=\"elementor-button-text\">Webseite<\/span>\n\t\t\t\t\t<\/span>\n\t\t\t\t\t<\/a>\n\t\t\t\t<\/div>\n\t\t\t\t\t\t\t\t<\/div>\n\t\t\t\t<\/div>\n\t\t\t\t<\/div>\n\t\t\t\t<\/div>\n\t\t<div class=\"elementor-element elementor-element-28ba67ba e-con-full e-flex e-con e-child\" data-id=\"28ba67ba\" data-element_type=\"container\" data-e-type=\"container\" data-settings=\"{&quot;jet_parallax_layout_list&quot;:[]}\">\n\t\t\t\t<div class=\"elementor-element elementor-element-75958c56 elementor-widget elementor-widget-image\" data-id=\"75958c56\" data-element_type=\"widget\" data-e-type=\"widget\" data-widget_type=\"image.default\">\n\t\t\t\t<div class=\"elementor-widget-container\">\n\t\t\t\t\t\t\t\t\t\t\t\t\t\t\t<img fetchpriority=\"high\" decoding=\"async\" width=\"800\" height=\"534\" src=\"https:\/\/denhelder.online\/wp-content\/uploads\/2025\/03\/BvB_school7_1-1024x683.jpg\" class=\"attachment-large size-large wp-image-9114\" alt=\"Schule 7 Kulturzentren mit der Keizersbrug in Den Helder\" srcset=\"https:\/\/denhelder.online\/wp-content\/uploads\/2025\/03\/BvB_school7_1-1024x683.jpg 1024w, https:\/\/denhelder.online\/wp-content\/uploads\/2025\/03\/BvB_school7_1-300x200.jpg 300w, https:\/\/denhelder.online\/wp-content\/uploads\/2025\/03\/BvB_school7_1-768x512.jpg 768w, https:\/\/denhelder.online\/wp-content\/uploads\/2025\/03\/BvB_school7_1-1536x1024.jpg 1536w, https:\/\/denhelder.online\/wp-content\/uploads\/2025\/03\/BvB_school7_1-2048x1365.jpg 2048w, https:\/\/denhelder.online\/wp-content\/uploads\/2025\/03\/BvB_school7_1-18x12.jpg 18w, https:\/\/denhelder.online\/wp-content\/uploads\/2025\/03\/BvB_school7_1-600x400.jpg 600w\" sizes=\"(max-width: 800px) 100vw, 800px\" \/>\t\t\t\t\t\t\t\t\t\t\t\t\t\t\t<\/div>\n\t\t\t\t<\/div>\n\t\t\t\t<\/div>\n\t\t\t\t\t<\/div>\n\t\t\t\t<\/div>\n\t\t\t\t<\/div>","protected":false},"excerpt":{"rendered":"<p>Volg ons op social: \u00a0 \u00a0 \u00a0 \u00a0 School 7 | d\u00e9 huiskamer van Den Helder Midden in het stadscentrum staat School 7, een van de mooiste bibliotheken van Nederland. Hier komen verhalen tot leven \u2013 niet alleen op papier, maar vooral tussen mensen. In dit sfeervolle gebouw, gevestigd in een oude school, ervaar je [&hellip;]<\/p>\n","protected":false},"author":17,"featured_media":9114,"parent":9110,"menu_order":0,"comment_status":"closed","ping_status":"closed","template":"elementor_header_footer","meta":{"footnotes":""},"tags":[],"doelgroep":[],"categorie":[5677],"class_list":["post-9147","page","type-page","status-publish","has-post-thumbnail","hentry","categorie-kunst-cultuur"],"yoast_head":"<!-- This site is optimized with the Yoast SEO Premium plugin v24.7 (Yoast SEO v27.4) - https:\/\/yoast.com\/product\/yoast-seo-premium-wordpress\/ -->\n<title>School 7 Den Helder: de mooiste bibliotheek van Nederland<\/title>\n<meta name=\"description\" content=\"Ontdek School 7, de bekroonde bibliotheek in Den Helder met caf\u00e9, werkplekken, cursussen en volop inspiratie.\" \/>\n<meta name=\"robots\" content=\"index, follow, max-snippet:-1, max-image-preview:large, max-video-preview:-1\" \/>\n<link rel=\"canonical\" href=\"https:\/\/denhelder.online\/de\/kulturzentren\/schule-7-das-wohnzimmer-von-den-helder\/\" \/>\n<meta property=\"og:locale\" content=\"de_DE\" \/>\n<meta property=\"og:type\" content=\"article\" \/>\n<meta property=\"og:title\" content=\"School 7| d\u00e9 huiskamer van Den Helder\" \/>\n<meta property=\"og:description\" content=\"Ontdek School 7, de bekroonde bibliotheek in Den Helder met caf\u00e9, werkplekken, cursussen en volop inspiratie.\" \/>\n<meta property=\"og:url\" content=\"https:\/\/denhelder.online\/de\/kulturzentren\/schule-7-das-wohnzimmer-von-den-helder\/\" \/>\n<meta property=\"og:site_name\" content=\"Den Helder Online\" \/>\n<meta property=\"article:modified_time\" content=\"2026-01-13T12:56:48+00:00\" \/>\n<meta property=\"og:image\" content=\"https:\/\/denhelder.online\/wp-content\/uploads\/2025\/03\/BvB_school7_1-scaled.jpg\" \/>\n\t<meta property=\"og:image:width\" content=\"2560\" \/>\n\t<meta property=\"og:image:height\" content=\"1707\" \/>\n\t<meta property=\"og:image:type\" content=\"image\/jpeg\" \/>\n<meta name=\"twitter:card\" content=\"summary_large_image\" \/>\n<meta name=\"twitter:label1\" content=\"Gesch\u00e4tzte Lesezeit\" \/>\n\t<meta name=\"twitter:data1\" content=\"2\u00a0Minuten\" \/>\n<script type=\"application\/ld+json\" class=\"yoast-schema-graph\">{\"@context\":\"https:\\\/\\\/schema.org\",\"@graph\":[{\"@type\":\"WebPage\",\"@id\":\"https:\\\/\\\/denhelder.online\\\/culturele-centra\\\/school-7-de-huiskamer-van-den-helder\\\/\",\"url\":\"https:\\\/\\\/denhelder.online\\\/culturele-centra\\\/school-7-de-huiskamer-van-den-helder\\\/\",\"name\":\"School 7 Den Helder: de mooiste bibliotheek van Nederland\",\"isPartOf\":{\"@id\":\"https:\\\/\\\/denhelder.online\\\/#website\"},\"primaryImageOfPage\":{\"@id\":\"https:\\\/\\\/denhelder.online\\\/culturele-centra\\\/school-7-de-huiskamer-van-den-helder\\\/#primaryimage\"},\"image\":{\"@id\":\"https:\\\/\\\/denhelder.online\\\/culturele-centra\\\/school-7-de-huiskamer-van-den-helder\\\/#primaryimage\"},\"thumbnailUrl\":\"https:\\\/\\\/denhelder.online\\\/wp-content\\\/uploads\\\/2025\\\/03\\\/BvB_school7_1-scaled.jpg\",\"datePublished\":\"2025-03-24T10:28:26+00:00\",\"dateModified\":\"2026-01-13T12:56:48+00:00\",\"description\":\"Ontdek School 7, de bekroonde bibliotheek in Den Helder met caf\u00e9, werkplekken, cursussen en volop inspiratie.\",\"breadcrumb\":{\"@id\":\"https:\\\/\\\/denhelder.online\\\/culturele-centra\\\/school-7-de-huiskamer-van-den-helder\\\/#breadcrumb\"},\"inLanguage\":\"de\",\"potentialAction\":[{\"@type\":\"ReadAction\",\"target\":[\"https:\\\/\\\/denhelder.online\\\/culturele-centra\\\/school-7-de-huiskamer-van-den-helder\\\/\"]}]},{\"@type\":\"ImageObject\",\"inLanguage\":\"de\",\"@id\":\"https:\\\/\\\/denhelder.online\\\/culturele-centra\\\/school-7-de-huiskamer-van-den-helder\\\/#primaryimage\",\"url\":\"https:\\\/\\\/denhelder.online\\\/wp-content\\\/uploads\\\/2025\\\/03\\\/BvB_school7_1-scaled.jpg\",\"contentUrl\":\"https:\\\/\\\/denhelder.online\\\/wp-content\\\/uploads\\\/2025\\\/03\\\/BvB_school7_1-scaled.jpg\",\"width\":2560,\"height\":1707,\"caption\":\"School 7 Cultureel centra met de keizersbrug in Den Helder\"},{\"@type\":\"BreadcrumbList\",\"@id\":\"https:\\\/\\\/denhelder.online\\\/culturele-centra\\\/school-7-de-huiskamer-van-den-helder\\\/#breadcrumb\",\"itemListElement\":[{\"@type\":\"ListItem\",\"position\":1,\"name\":\"Home\",\"item\":\"https:\\\/\\\/denhelder.online\\\/\"},{\"@type\":\"ListItem\",\"position\":2,\"name\":\"Culturele Centra\",\"item\":\"https:\\\/\\\/denhelder.online\\\/culturele-centra\\\/\"},{\"@type\":\"ListItem\",\"position\":3,\"name\":\"School 7| d\u00e9 huiskamer van Den Helder\"}]},{\"@type\":\"WebSite\",\"@id\":\"https:\\\/\\\/denhelder.online\\\/#website\",\"url\":\"https:\\\/\\\/denhelder.online\\\/\",\"name\":\"Den Helder Online\",\"description\":\"Beleef Den Helder\",\"publisher\":{\"@id\":\"https:\\\/\\\/denhelder.online\\\/#organization\"},\"potentialAction\":[{\"@type\":\"SearchAction\",\"target\":{\"@type\":\"EntryPoint\",\"urlTemplate\":\"https:\\\/\\\/denhelder.online\\\/?s={search_term_string}\"},\"query-input\":{\"@type\":\"PropertyValueSpecification\",\"valueRequired\":true,\"valueName\":\"search_term_string\"}}],\"inLanguage\":\"de\"},{\"@type\":\"Organization\",\"@id\":\"https:\\\/\\\/denhelder.online\\\/#organization\",\"name\":\"Den Helder Online\",\"url\":\"https:\\\/\\\/denhelder.online\\\/\",\"logo\":{\"@type\":\"ImageObject\",\"inLanguage\":\"de\",\"@id\":\"https:\\\/\\\/denhelder.online\\\/#\\\/schema\\\/logo\\\/image\\\/\",\"url\":\"https:\\\/\\\/denhelder.online\\\/wp-content\\\/uploads\\\/2021\\\/12\\\/DitIsDH-Logo-26-tagline.svg\",\"contentUrl\":\"https:\\\/\\\/denhelder.online\\\/wp-content\\\/uploads\\\/2021\\\/12\\\/DitIsDH-Logo-26-tagline.svg\",\"width\":1717.0999999999999,\"height\":934.89999999999998,\"caption\":\"Den Helder Online\"},\"image\":{\"@id\":\"https:\\\/\\\/denhelder.online\\\/#\\\/schema\\\/logo\\\/image\\\/\"}}]}<\/script>\n<!-- \/ Yoast SEO Premium plugin. -->","yoast_head_json":{"title":"Schule 7 Den Helder: die sch\u00f6nste Bibliothek der Niederlande","description":"Entdecken Sie School 7, die preisgekr\u00f6nte Bibliothek in Den Helder mit Caf\u00e9, Arbeitsbereichen, Kursen und jeder Menge Inspiration.","robots":{"index":"index","follow":"follow","max-snippet":"max-snippet:-1","max-image-preview":"max-image-preview:large","max-video-preview":"max-video-preview:-1"},"canonical":"https:\/\/denhelder.online\/de\/kulturzentren\/schule-7-das-wohnzimmer-von-den-helder\/","og_locale":"de_DE","og_type":"article","og_title":"School 7| d\u00e9 huiskamer van Den Helder","og_description":"Ontdek School 7, de bekroonde bibliotheek in Den Helder met caf\u00e9, werkplekken, cursussen en volop inspiratie.","og_url":"https:\/\/denhelder.online\/de\/kulturzentren\/schule-7-das-wohnzimmer-von-den-helder\/","og_site_name":"Den Helder Online","article_modified_time":"2026-01-13T12:56:48+00:00","og_image":[{"width":2560,"height":1707,"url":"https:\/\/denhelder.online\/wp-content\/uploads\/2025\/03\/BvB_school7_1-scaled.jpg","type":"image\/jpeg"}],"twitter_card":"summary_large_image","twitter_misc":{"Gesch\u00e4tzte Lesezeit":"2\u00a0Minuten"},"schema":{"@context":"https:\/\/schema.org","@graph":[{"@type":"WebPage","@id":"https:\/\/denhelder.online\/culturele-centra\/school-7-de-huiskamer-van-den-helder\/","url":"https:\/\/denhelder.online\/culturele-centra\/school-7-de-huiskamer-van-den-helder\/","name":"Schule 7 Den Helder: die sch\u00f6nste Bibliothek der Niederlande","isPartOf":{"@id":"https:\/\/denhelder.online\/#website"},"primaryImageOfPage":{"@id":"https:\/\/denhelder.online\/culturele-centra\/school-7-de-huiskamer-van-den-helder\/#primaryimage"},"image":{"@id":"https:\/\/denhelder.online\/culturele-centra\/school-7-de-huiskamer-van-den-helder\/#primaryimage"},"thumbnailUrl":"https:\/\/denhelder.online\/wp-content\/uploads\/2025\/03\/BvB_school7_1-scaled.jpg","datePublished":"2025-03-24T10:28:26+00:00","dateModified":"2026-01-13T12:56:48+00:00","description":"Entdecken Sie School 7, die preisgekr\u00f6nte Bibliothek in Den Helder mit Caf\u00e9, Arbeitsbereichen, Kursen und jeder Menge Inspiration.","breadcrumb":{"@id":"https:\/\/denhelder.online\/culturele-centra\/school-7-de-huiskamer-van-den-helder\/#breadcrumb"},"inLanguage":"de","potentialAction":[{"@type":"ReadAction","target":["https:\/\/denhelder.online\/culturele-centra\/school-7-de-huiskamer-van-den-helder\/"]}]},{"@type":"ImageObject","inLanguage":"de","@id":"https:\/\/denhelder.online\/culturele-centra\/school-7-de-huiskamer-van-den-helder\/#primaryimage","url":"https:\/\/denhelder.online\/wp-content\/uploads\/2025\/03\/BvB_school7_1-scaled.jpg","contentUrl":"https:\/\/denhelder.online\/wp-content\/uploads\/2025\/03\/BvB_school7_1-scaled.jpg","width":2560,"height":1707,"caption":"School 7 Cultureel centra met de keizersbrug in Den Helder"},{"@type":"BreadcrumbList","@id":"https:\/\/denhelder.online\/culturele-centra\/school-7-de-huiskamer-van-den-helder\/#breadcrumb","itemListElement":[{"@type":"ListItem","position":1,"name":"Home","item":"https:\/\/denhelder.online\/"},{"@type":"ListItem","position":2,"name":"Culturele Centra","item":"https:\/\/denhelder.online\/culturele-centra\/"},{"@type":"ListItem","position":3,"name":"School 7| d\u00e9 huiskamer van Den Helder"}]},{"@type":"WebSite","@id":"https:\/\/denhelder.online\/#website","url":"https:\/\/denhelder.online\/","name":"Den Helder Online","description":"Erleben Sie Den Helder","publisher":{"@id":"https:\/\/denhelder.online\/#organization"},"potentialAction":[{"@type":"SearchAction","target":{"@type":"EntryPoint","urlTemplate":"https:\/\/denhelder.online\/?s={search_term_string}"},"query-input":{"@type":"PropertyValueSpecification","valueRequired":true,"valueName":"search_term_string"}}],"inLanguage":"de"},{"@type":"Organization","@id":"https:\/\/denhelder.online\/#organization","name":"Den Helder Online","url":"https:\/\/denhelder.online\/","logo":{"@type":"ImageObject","inLanguage":"de","@id":"https:\/\/denhelder.online\/#\/schema\/logo\/image\/","url":"https:\/\/denhelder.online\/wp-content\/uploads\/2021\/12\/DitIsDH-Logo-26-tagline.svg","contentUrl":"https:\/\/denhelder.online\/wp-content\/uploads\/2021\/12\/DitIsDH-Logo-26-tagline.svg","width":1717.0999999999999,"height":934.89999999999998,"caption":"Den Helder Online"},"image":{"@id":"https:\/\/denhelder.online\/#\/schema\/logo\/image\/"}}]}},"_links":{"self":[{"href":"https:\/\/denhelder.online\/de\/wp-json\/wp\/v2\/pages\/9147","targetHints":{"allow":["GET"]}}],"collection":[{"href":"https:\/\/denhelder.online\/de\/wp-json\/wp\/v2\/pages"}],"about":[{"href":"https:\/\/denhelder.online\/de\/wp-json\/wp\/v2\/types\/page"}],"author":[{"embeddable":true,"href":"https:\/\/denhelder.online\/de\/wp-json\/wp\/v2\/users\/17"}],"replies":[{"embeddable":true,"href":"https:\/\/denhelder.online\/de\/wp-json\/wp\/v2\/comments?post=9147"}],"version-history":[{"count":0,"href":"https:\/\/denhelder.online\/de\/wp-json\/wp\/v2\/pages\/9147\/revisions"}],"up":[{"embeddable":true,"href":"https:\/\/denhelder.online\/de\/wp-json\/wp\/v2\/pages\/9110"}],"wp:featuredmedia":[{"embeddable":true,"href":"https:\/\/denhelder.online\/de\/wp-json\/wp\/v2\/media\/9114"}],"wp:attachment":[{"href":"https:\/\/denhelder.online\/de\/wp-json\/wp\/v2\/media?parent=9147"}],"wp:term":[{"taxonomy":"post_tag","embeddable":true,"href":"https:\/\/denhelder.online\/de\/wp-json\/wp\/v2\/tags?post=9147"},{"taxonomy":"doelgroep","embeddable":true,"href":"https:\/\/denhelder.online\/de\/wp-json\/wp\/v2\/doelgroep?post=9147"},{"taxonomy":"categorie","embeddable":true,"href":"https:\/\/denhelder.online\/de\/wp-json\/wp\/v2\/categorie?post=9147"}],"curies":[{"name":"wp","href":"https:\/\/api.w.org\/{rel}","templated":true}]}}