{"id":9559,"date":"2025-03-28T14:45:28","date_gmt":"2025-03-28T13:45:28","guid":{"rendered":"https:\/\/denhelder.online\/?page_id=9559"},"modified":"2026-01-15T09:07:00","modified_gmt":"2026-01-15T08:07:00","slug":"tauchen-sie-ein-in-das-kulturelle-erbe-von-den-helder","status":"publish","type":"page","link":"https:\/\/denhelder.online\/de\/duik-in-het-cultureel-erfgoed-van-den-helder\/","title":{"rendered":"Tauchen Sie ein in das kulturelle Erbe von Den Helder"},"content":{"rendered":"<div data-elementor-type=\"wp-page\" data-elementor-id=\"9559\" class=\"elementor elementor-9559\" data-elementor-post-type=\"page\">\n\t\t\t\t<div class=\"elementor-element elementor-element-46f60a2 e-flex e-con-boxed e-con e-parent\" data-id=\"46f60a2\" data-element_type=\"container\" data-e-type=\"container\" data-settings=\"{&quot;jet_parallax_layout_list&quot;:[]}\">\n\t\t\t\t\t<div class=\"e-con-inner\">\n\t\t<div class=\"elementor-element elementor-element-427f595d e-con-full e-flex e-con e-child\" data-id=\"427f595d\" data-element_type=\"container\" data-e-type=\"container\" data-settings=\"{&quot;jet_parallax_layout_list&quot;:[]}\">\n\t\t\t\t<div class=\"elementor-element elementor-element-49ccb969 elementor-widget elementor-widget-breadcrumbs\" data-id=\"49ccb969\" data-element_type=\"widget\" data-e-type=\"widget\" data-widget_type=\"breadcrumbs.default\">\n\t\t\t\t<div class=\"elementor-widget-container\">\n\t\t\t\t\t<p id=\"breadcrumbs\"><span><span><a href=\"https:\/\/denhelder.online\/de\/\">Heim<\/a><\/span><\/span><\/p>\t\t\t\t<\/div>\n\t\t\t\t<\/div>\n\t\t<div class=\"elementor-element elementor-element-1ee7ddd0 e-con-full e-flex e-con e-child\" data-id=\"1ee7ddd0\" data-element_type=\"container\" data-e-type=\"container\" data-settings=\"{&quot;jet_parallax_layout_list&quot;:[]}\">\n\t\t\t\t<div class=\"elementor-element elementor-element-7ded6b62 elementor-widget elementor-widget-heading\" data-id=\"7ded6b62\" data-element_type=\"widget\" data-e-type=\"widget\" data-widget_type=\"heading.default\">\n\t\t\t\t<div class=\"elementor-widget-container\">\n\t\t\t\t\t<p class=\"elementor-heading-title elementor-size-default\">Folgen Sie uns in den sozialen Netzwerken:<\/p>\t\t\t\t<\/div>\n\t\t\t\t<\/div>\n\t\t\t\t<div class=\"elementor-element elementor-element-5945351f elementor-icon-list--layout-inline elementor-align-end elementor-list-item-link-full_width elementor-widget elementor-widget-global elementor-global-1176 elementor-widget-icon-list\" data-id=\"5945351f\" data-element_type=\"widget\" data-e-type=\"widget\" data-widget_type=\"icon-list.default\">\n\t\t\t\t<div class=\"elementor-widget-container\">\n\t\t\t\t\t\t\t<ul class=\"elementor-icon-list-items elementor-inline-items\">\n\t\t\t\t\t\t\t<li class=\"elementor-icon-list-item elementor-inline-item\">\n\t\t\t\t\t\t\t\t\t\t\t<a href=\"https:\/\/www.facebook.com\/ditisdenhelder\" target=\"_blank\">\n\n\t\t\t\t\t\t\t\t\t\t\t\t<span class=\"elementor-icon-list-icon\">\n\t\t\t\t\t\t\t<i aria-hidden=\"true\" class=\"fab fa-facebook\"><\/i>\t\t\t\t\t\t<\/span>\n\t\t\t\t\t\t\t\t\t\t<span class=\"elementor-icon-list-text\"><\/span>\n\t\t\t\t\t\t\t\t\t\t\t<\/a>\n\t\t\t\t\t\t\t\t\t<\/li>\n\t\t\t\t\t\t\t\t<li class=\"elementor-icon-list-item elementor-inline-item\">\n\t\t\t\t\t\t\t\t\t\t\t<a href=\"https:\/\/www.instagram.com\/ditisdenhelder\/\" target=\"_blank\">\n\n\t\t\t\t\t\t\t\t\t\t\t\t<span class=\"elementor-icon-list-icon\">\n\t\t\t\t\t\t\t<i aria-hidden=\"true\" class=\"fab fa-instagram\"><\/i>\t\t\t\t\t\t<\/span>\n\t\t\t\t\t\t\t\t\t\t<span class=\"elementor-icon-list-text\"><\/span>\n\t\t\t\t\t\t\t\t\t\t\t<\/a>\n\t\t\t\t\t\t\t\t\t<\/li>\n\t\t\t\t\t\t\t\t<li class=\"elementor-icon-list-item elementor-inline-item\">\n\t\t\t\t\t\t\t\t\t\t\t<a href=\"https:\/\/www.youtube.com\/channel\/UCxXdcocRQwb3lDwiYBp3llg\" target=\"_blank\">\n\n\t\t\t\t\t\t\t\t\t\t\t\t<span class=\"elementor-icon-list-icon\">\n\t\t\t\t\t\t\t<i aria-hidden=\"true\" class=\"fab fa-youtube\"><\/i>\t\t\t\t\t\t<\/span>\n\t\t\t\t\t\t\t\t\t\t<span class=\"elementor-icon-list-text\"><\/span>\n\t\t\t\t\t\t\t\t\t\t\t<\/a>\n\t\t\t\t\t\t\t\t\t<\/li>\n\t\t\t\t\t\t\t\t<li class=\"elementor-icon-list-item elementor-inline-item\">\n\t\t\t\t\t\t\t\t\t\t\t<a href=\"https:\/\/www.linkedin.com\/company\/citymarketing-den-helder\" target=\"_blank\">\n\n\t\t\t\t\t\t\t\t\t\t\t\t<span class=\"elementor-icon-list-icon\">\n\t\t\t\t\t\t\t<i aria-hidden=\"true\" class=\"fab fa-linkedin-in\"><\/i>\t\t\t\t\t\t<\/span>\n\t\t\t\t\t\t\t\t\t\t<span class=\"elementor-icon-list-text\"><\/span>\n\t\t\t\t\t\t\t\t\t\t\t<\/a>\n\t\t\t\t\t\t\t\t\t<\/li>\n\t\t\t\t\t\t<\/ul>\n\t\t\t\t\t\t<\/div>\n\t\t\t\t<\/div>\n\t\t\t\t<\/div>\n\t\t\t\t<\/div>\n\t\t\t\t\t<\/div>\n\t\t\t\t<\/div>\n\t\t<div class=\"elementor-element elementor-element-592fbcf0 e-flex e-con-boxed e-con e-parent\" data-id=\"592fbcf0\" data-element_type=\"container\" data-e-type=\"container\" data-settings=\"{&quot;jet_parallax_layout_list&quot;:[]}\">\n\t\t\t\t\t<div class=\"e-con-inner\">\n\t\t<div class=\"elementor-element elementor-element-5e8e021c e-con-full e-flex e-con e-child\" data-id=\"5e8e021c\" data-element_type=\"container\" data-e-type=\"container\" data-settings=\"{&quot;jet_parallax_layout_list&quot;:[]}\">\n\t\t\t\t<div class=\"elementor-element elementor-element-633f0574 elementor-widget__width-inherit elementor-widget elementor-widget-heading\" data-id=\"633f0574\" data-element_type=\"widget\" data-e-type=\"widget\" data-widget_type=\"heading.default\">\n\t\t\t\t<div class=\"elementor-widget-container\">\n\t\t\t\t\t<h2 class=\"elementor-heading-title elementor-size-default\">Tauchen Sie ein in das kulturelle Erbe von Den Helder<\/h2>\t\t\t\t<\/div>\n\t\t\t\t<\/div>\n\t\t\t\t<div class=\"elementor-element elementor-element-2505a770 elementor-widget elementor-widget-text-editor\" data-id=\"2505a770\" data-element_type=\"widget\" data-e-type=\"widget\" data-widget_type=\"text-editor.default\">\n\t\t\t\t<div class=\"elementor-widget-container\">\n\t\t\t\t\t\t\t\t\t<p><strong>Erleben Sie die Kraft des Meeres und die Geschichten, die sich dahinter verbergen<\/strong><br \/>Den Helder atmet Geschichte. Die Lage inmitten des Wassers trug dazu bei, dass die Stadt zum maritimen Herzen der Niederlande wurde. Man sp\u00fcrt es \u00fcberall: im Wind, in den Steinen, in den Geschichten. Besuchen Sie das Marinemuseum und entdecken Sie, wie eng das Meer mit der niederl\u00e4ndischen Identit\u00e4t verwoben ist. Oder tauchen Sie im Rettungsmuseum in die harte Realit\u00e4t der Seenotrettung ein.<\/p><p><strong>Lassen Sie sich von Orten mit Bedeutung ber\u00fchren.<\/strong><br \/>Neugierig auf die Rolle der 1. Panzerdivision (Den Helder) im Zweiten Weltkrieg? Das Atlantic Wall Centre erz\u00e4hlt Ihnen diese Geschichte \u2013 authentisch, ehrlich und eindrucksvoll. Anschlie\u00dfend k\u00f6nnen Sie Fort Kijkduin besuchen: Einst Teil der Den Helder-Verteidigungslinie, heute ein Ort, an dem Geschichte und Natur aufeinandertreffen. Hier k\u00f6nnen Sie durch G\u00e4nge voller Militaria schlendern und die Unterwasserwelt der Nordsee im Meeresaquarium entdecken.<\/p><p><strong>Kunst trifft Natur: Ein Ort der Besinnung<\/strong><br \/>Suchen Sie Ruhe, Stille und Inspiration? Dann besuchen Sie De Nollen \u2013 eine bezaubernde Landschaft voller abstrakter Kunst von Rudi van de Wint. Ein Ort, an dem Kunst, Natur und Architektur zu einem harmonischen und friedvollen Erlebnis verschmelzen. Oder entdecken Sie etwas noch n\u00e4her an Ihrem Zuhause im Botanischen Garten Hortus Overzee, wo ein japanischer Garten zum Verweilen und Entspannen einl\u00e4dt.<\/p><p><strong>Entdecken Sie Ihre Verbindung mit Den Helder<\/strong><br \/>Den Helder ist kein gew\u00f6hnliches Reiseziel. Es ist ein Ort, an dem man wirklich in Kontakt tritt \u2013 mit Geschichten, mit Geschichte und mit sich selbst. Jedes Museum, jeder Ort tr\u00e4gt zu diesem tieferen Sinngef\u00fchl bei. Perfekt f\u00fcr alle, die Authentizit\u00e4t und Tiefgang sch\u00e4tzen.<\/p><p>Klicken Sie unten, um mehr Informationen \u00fcber die Museen und Besucherzentren in Den Helder zu erhalten. Lassen Sie sich von Neuem \u00fcberraschen.<\/p>\t\t\t\t\t\t\t\t<\/div>\n\t\t\t\t<\/div>\n\t\t<div class=\"elementor-element elementor-element-21d1617f e-con-full e-flex e-con e-child\" data-id=\"21d1617f\" data-element_type=\"container\" data-e-type=\"container\" data-settings=\"{&quot;jet_parallax_layout_list&quot;:[]}\">\n\t\t\t\t<div class=\"elementor-element elementor-element-439360ea elementor-mobile-align-justify elementor-widget-mobile__width-inherit elementor-tablet-align-justify elementor-widget elementor-widget-button\" data-id=\"439360ea\" data-element_type=\"widget\" data-e-type=\"widget\" data-widget_type=\"button.default\">\n\t\t\t\t<div class=\"elementor-widget-container\">\n\t\t\t\t\t\t\t\t\t<div class=\"elementor-button-wrapper\">\n\t\t\t\t\t<a class=\"elementor-button elementor-button-link elementor-size-sm\" href=\"https:\/\/denhelder.online\/de\/museen\/\">\n\t\t\t\t\t\t<span class=\"elementor-button-content-wrapper\">\n\t\t\t\t\t\t<span class=\"elementor-button-icon\">\n\t\t\t\t<i aria-hidden=\"true\" class=\"fas fa-chevron-right\"><\/i>\t\t\t<\/span>\n\t\t\t\t\t\t\t\t\t<span class=\"elementor-button-text\">Museen<\/span>\n\t\t\t\t\t<\/span>\n\t\t\t\t\t<\/a>\n\t\t\t\t<\/div>\n\t\t\t\t\t\t\t\t<\/div>\n\t\t\t\t<\/div>\n\t\t\t\t<\/div>\n\t\t\t\t<\/div>\n\t\t<div class=\"elementor-element elementor-element-25870d5f e-con-full e-flex e-con e-child\" data-id=\"25870d5f\" data-element_type=\"container\" data-e-type=\"container\" data-settings=\"{&quot;jet_parallax_layout_list&quot;:[]}\">\n\t\t\t\t<div class=\"elementor-element elementor-element-7fe93221 elementor-widget elementor-widget-image\" data-id=\"7fe93221\" data-element_type=\"widget\" data-e-type=\"widget\" data-widget_type=\"image.default\">\n\t\t\t\t<div class=\"elementor-widget-container\">\n\t\t\t\t\t\t\t\t\t\t\t\t<figure class=\"wp-caption\">\n\t\t\t\t\t\t\t\t\t\t<img fetchpriority=\"high\" decoding=\"async\" width=\"800\" height=\"533\" src=\"https:\/\/denhelder.online\/wp-content\/uploads\/2025\/03\/2.fortkijkduin-januari-2021-53-1024x682.jpg\" class=\"attachment-large size-large wp-image-9562\" alt=\"Das Kulturerbe Fort Kijkduin mit verschiedenen St\u00fccken aus Napoleons Besitz\" srcset=\"https:\/\/denhelder.online\/wp-content\/uploads\/2025\/03\/2.fortkijkduin-januari-2021-53-1024x682.jpg 1024w, https:\/\/denhelder.online\/wp-content\/uploads\/2025\/03\/2.fortkijkduin-januari-2021-53-300x200.jpg 300w, https:\/\/denhelder.online\/wp-content\/uploads\/2025\/03\/2.fortkijkduin-januari-2021-53-768x512.jpg 768w, https:\/\/denhelder.online\/wp-content\/uploads\/2025\/03\/2.fortkijkduin-januari-2021-53-1536x1024.jpg 1536w, https:\/\/denhelder.online\/wp-content\/uploads\/2025\/03\/2.fortkijkduin-januari-2021-53-18x12.jpg 18w, https:\/\/denhelder.online\/wp-content\/uploads\/2025\/03\/2.fortkijkduin-januari-2021-53-600x400.jpg 600w, https:\/\/denhelder.online\/wp-content\/uploads\/2025\/03\/2.fortkijkduin-januari-2021-53.jpg 2000w\" sizes=\"(max-width: 800px) 100vw, 800px\" \/>\t\t\t\t\t\t\t\t\t\t\t<figcaption class=\"widget-image-caption wp-caption-text\">Fort Kijkduin<\/figcaption>\n\t\t\t\t\t\t\t\t\t\t<\/figure>\n\t\t\t\t\t\t\t\t\t<\/div>\n\t\t\t\t<\/div>\n\t\t\t\t<\/div>\n\t\t\t\t\t<\/div>\n\t\t\t\t<\/div>\n\t\t\t\t<\/div>","protected":false},"excerpt":{"rendered":"<p>Volg ons op social: \u00a0 \u00a0 \u00a0 \u00a0 Duik in het cultureel erfgoed van Den Helder Ervaar de kracht van de zee en de verhalen erachter Den Helder ademt geschiedenis. Door haar ligging tussen het water groeide de stad uit tot maritiem hart van Nederland. Je voelt het overal: in de wind, in de stenen, [&hellip;]<\/p>\n","protected":false},"author":17,"featured_media":9562,"parent":0,"menu_order":0,"comment_status":"closed","ping_status":"closed","template":"elementor_header_footer","meta":{"footnotes":""},"tags":[],"doelgroep":[],"categorie":[5677],"class_list":["post-9559","page","type-page","status-publish","has-post-thumbnail","hentry","categorie-kunst-cultuur"],"yoast_head":"<!-- This site is optimized with the Yoast SEO Premium plugin v24.7 (Yoast SEO v27.5) - https:\/\/yoast.com\/product\/yoast-seo-premium-wordpress\/ -->\n<title>Cultureel erfgoed Den Helder: beleef geschiedenis aan zee<\/title>\n<meta name=\"description\" content=\"Van forten tot kunstlandschappen: ervaar het culturele erfgoed van Den Helder en ontdek plekken die raken.\" \/>\n<meta name=\"robots\" content=\"index, follow, max-snippet:-1, max-image-preview:large, max-video-preview:-1\" \/>\n<link rel=\"canonical\" href=\"https:\/\/denhelder.online\/de\/tauchen-sie-ein-in-das-kulturelle-erbe-von-den-helder\/\" \/>\n<meta property=\"og:locale\" content=\"de_DE\" \/>\n<meta property=\"og:type\" content=\"article\" \/>\n<meta property=\"og:title\" content=\"Duik in het cultureel erfgoed van Den Helder\" \/>\n<meta property=\"og:description\" content=\"Van forten tot kunstlandschappen: ervaar het culturele erfgoed van Den Helder en ontdek plekken die raken.\" \/>\n<meta property=\"og:url\" content=\"https:\/\/denhelder.online\/de\/tauchen-sie-ein-in-das-kulturelle-erbe-von-den-helder\/\" \/>\n<meta property=\"og:site_name\" content=\"Den Helder Online\" \/>\n<meta property=\"article:modified_time\" content=\"2026-01-15T08:07:00+00:00\" \/>\n<meta property=\"og:image\" content=\"https:\/\/denhelder.online\/wp-content\/uploads\/2025\/03\/2.fortkijkduin-januari-2021-53.jpg\" \/>\n\t<meta property=\"og:image:width\" content=\"2000\" \/>\n\t<meta property=\"og:image:height\" content=\"1333\" \/>\n\t<meta property=\"og:image:type\" content=\"image\/jpeg\" \/>\n<meta name=\"twitter:card\" content=\"summary_large_image\" \/>\n<meta name=\"twitter:label1\" content=\"Gesch\u00e4tzte Lesezeit\" \/>\n\t<meta name=\"twitter:data1\" content=\"2\u00a0Minuten\" \/>\n<script type=\"application\/ld+json\" class=\"yoast-schema-graph\">{\"@context\":\"https:\\\/\\\/schema.org\",\"@graph\":[{\"@type\":\"WebPage\",\"@id\":\"https:\\\/\\\/denhelder.online\\\/duik-in-het-cultureel-erfgoed-van-den-helder\\\/\",\"url\":\"https:\\\/\\\/denhelder.online\\\/duik-in-het-cultureel-erfgoed-van-den-helder\\\/\",\"name\":\"Cultureel erfgoed Den Helder: beleef geschiedenis aan zee\",\"isPartOf\":{\"@id\":\"https:\\\/\\\/denhelder.online\\\/#website\"},\"primaryImageOfPage\":{\"@id\":\"https:\\\/\\\/denhelder.online\\\/duik-in-het-cultureel-erfgoed-van-den-helder\\\/#primaryimage\"},\"image\":{\"@id\":\"https:\\\/\\\/denhelder.online\\\/duik-in-het-cultureel-erfgoed-van-den-helder\\\/#primaryimage\"},\"thumbnailUrl\":\"https:\\\/\\\/denhelder.online\\\/wp-content\\\/uploads\\\/2025\\\/03\\\/2.fortkijkduin-januari-2021-53.jpg\",\"datePublished\":\"2025-03-28T13:45:28+00:00\",\"dateModified\":\"2026-01-15T08:07:00+00:00\",\"description\":\"Van forten tot kunstlandschappen: ervaar het culturele erfgoed van Den Helder en ontdek plekken die raken.\",\"breadcrumb\":{\"@id\":\"https:\\\/\\\/denhelder.online\\\/duik-in-het-cultureel-erfgoed-van-den-helder\\\/#breadcrumb\"},\"inLanguage\":\"de\",\"potentialAction\":[{\"@type\":\"ReadAction\",\"target\":[\"https:\\\/\\\/denhelder.online\\\/duik-in-het-cultureel-erfgoed-van-den-helder\\\/\"]}]},{\"@type\":\"ImageObject\",\"inLanguage\":\"de\",\"@id\":\"https:\\\/\\\/denhelder.online\\\/duik-in-het-cultureel-erfgoed-van-den-helder\\\/#primaryimage\",\"url\":\"https:\\\/\\\/denhelder.online\\\/wp-content\\\/uploads\\\/2025\\\/03\\\/2.fortkijkduin-januari-2021-53.jpg\",\"contentUrl\":\"https:\\\/\\\/denhelder.online\\\/wp-content\\\/uploads\\\/2025\\\/03\\\/2.fortkijkduin-januari-2021-53.jpg\",\"width\":2000,\"height\":1333,\"caption\":\"Cultureel Erfgoed fort kijkduin met verschillende stukken van Napoleon\"},{\"@type\":\"BreadcrumbList\",\"@id\":\"https:\\\/\\\/denhelder.online\\\/duik-in-het-cultureel-erfgoed-van-den-helder\\\/#breadcrumb\",\"itemListElement\":[{\"@type\":\"ListItem\",\"position\":1,\"name\":\"Home\",\"item\":\"https:\\\/\\\/denhelder.online\\\/\"},{\"@type\":\"ListItem\",\"position\":2,\"name\":\"Duik in het cultureel erfgoed van Den Helder\"}]},{\"@type\":\"WebSite\",\"@id\":\"https:\\\/\\\/denhelder.online\\\/#website\",\"url\":\"https:\\\/\\\/denhelder.online\\\/\",\"name\":\"Den Helder Online\",\"description\":\"Beleef Den Helder\",\"publisher\":{\"@id\":\"https:\\\/\\\/denhelder.online\\\/#organization\"},\"potentialAction\":[{\"@type\":\"SearchAction\",\"target\":{\"@type\":\"EntryPoint\",\"urlTemplate\":\"https:\\\/\\\/denhelder.online\\\/?s={search_term_string}\"},\"query-input\":{\"@type\":\"PropertyValueSpecification\",\"valueRequired\":true,\"valueName\":\"search_term_string\"}}],\"inLanguage\":\"de\"},{\"@type\":\"Organization\",\"@id\":\"https:\\\/\\\/denhelder.online\\\/#organization\",\"name\":\"Den Helder Online\",\"url\":\"https:\\\/\\\/denhelder.online\\\/\",\"logo\":{\"@type\":\"ImageObject\",\"inLanguage\":\"de\",\"@id\":\"https:\\\/\\\/denhelder.online\\\/#\\\/schema\\\/logo\\\/image\\\/\",\"url\":\"https:\\\/\\\/denhelder.online\\\/wp-content\\\/uploads\\\/2021\\\/12\\\/DitIsDH-Logo-26-tagline.svg\",\"contentUrl\":\"https:\\\/\\\/denhelder.online\\\/wp-content\\\/uploads\\\/2021\\\/12\\\/DitIsDH-Logo-26-tagline.svg\",\"width\":1717.0999999999999,\"height\":934.89999999999998,\"caption\":\"Den Helder Online\"},\"image\":{\"@id\":\"https:\\\/\\\/denhelder.online\\\/#\\\/schema\\\/logo\\\/image\\\/\"}}]}<\/script>\n<!-- \/ Yoast SEO Premium plugin. -->","yoast_head_json":{"title":"Kulturerbe Den Helder: Geschichte am Meer erleben","description":"Von Festungen bis hin zu Kunstlandschaften: Erleben Sie das kulturelle Erbe von Den Helder und entdecken Sie Orte, die Sie ber\u00fchren.","robots":{"index":"index","follow":"follow","max-snippet":"max-snippet:-1","max-image-preview":"max-image-preview:large","max-video-preview":"max-video-preview:-1"},"canonical":"https:\/\/denhelder.online\/de\/tauchen-sie-ein-in-das-kulturelle-erbe-von-den-helder\/","og_locale":"de_DE","og_type":"article","og_title":"Duik in het cultureel erfgoed van Den Helder","og_description":"Van forten tot kunstlandschappen: ervaar het culturele erfgoed van Den Helder en ontdek plekken die raken.","og_url":"https:\/\/denhelder.online\/de\/tauchen-sie-ein-in-das-kulturelle-erbe-von-den-helder\/","og_site_name":"Den Helder Online","article_modified_time":"2026-01-15T08:07:00+00:00","og_image":[{"width":2000,"height":1333,"url":"https:\/\/denhelder.online\/wp-content\/uploads\/2025\/03\/2.fortkijkduin-januari-2021-53.jpg","type":"image\/jpeg"}],"twitter_card":"summary_large_image","twitter_misc":{"Gesch\u00e4tzte Lesezeit":"2\u00a0Minuten"},"schema":{"@context":"https:\/\/schema.org","@graph":[{"@type":"WebPage","@id":"https:\/\/denhelder.online\/duik-in-het-cultureel-erfgoed-van-den-helder\/","url":"https:\/\/denhelder.online\/duik-in-het-cultureel-erfgoed-van-den-helder\/","name":"Kulturerbe Den Helder: Geschichte am Meer erleben","isPartOf":{"@id":"https:\/\/denhelder.online\/#website"},"primaryImageOfPage":{"@id":"https:\/\/denhelder.online\/duik-in-het-cultureel-erfgoed-van-den-helder\/#primaryimage"},"image":{"@id":"https:\/\/denhelder.online\/duik-in-het-cultureel-erfgoed-van-den-helder\/#primaryimage"},"thumbnailUrl":"https:\/\/denhelder.online\/wp-content\/uploads\/2025\/03\/2.fortkijkduin-januari-2021-53.jpg","datePublished":"2025-03-28T13:45:28+00:00","dateModified":"2026-01-15T08:07:00+00:00","description":"Von Festungen bis hin zu Kunstlandschaften: Erleben Sie das kulturelle Erbe von Den Helder und entdecken Sie Orte, die Sie ber\u00fchren.","breadcrumb":{"@id":"https:\/\/denhelder.online\/duik-in-het-cultureel-erfgoed-van-den-helder\/#breadcrumb"},"inLanguage":"de","potentialAction":[{"@type":"ReadAction","target":["https:\/\/denhelder.online\/duik-in-het-cultureel-erfgoed-van-den-helder\/"]}]},{"@type":"ImageObject","inLanguage":"de","@id":"https:\/\/denhelder.online\/duik-in-het-cultureel-erfgoed-van-den-helder\/#primaryimage","url":"https:\/\/denhelder.online\/wp-content\/uploads\/2025\/03\/2.fortkijkduin-januari-2021-53.jpg","contentUrl":"https:\/\/denhelder.online\/wp-content\/uploads\/2025\/03\/2.fortkijkduin-januari-2021-53.jpg","width":2000,"height":1333,"caption":"Cultureel Erfgoed fort kijkduin met verschillende stukken van Napoleon"},{"@type":"BreadcrumbList","@id":"https:\/\/denhelder.online\/duik-in-het-cultureel-erfgoed-van-den-helder\/#breadcrumb","itemListElement":[{"@type":"ListItem","position":1,"name":"Home","item":"https:\/\/denhelder.online\/"},{"@type":"ListItem","position":2,"name":"Duik in het cultureel erfgoed van Den Helder"}]},{"@type":"WebSite","@id":"https:\/\/denhelder.online\/#website","url":"https:\/\/denhelder.online\/","name":"Den Helder Online","description":"Erleben Sie Den Helder","publisher":{"@id":"https:\/\/denhelder.online\/#organization"},"potentialAction":[{"@type":"SearchAction","target":{"@type":"EntryPoint","urlTemplate":"https:\/\/denhelder.online\/?s={search_term_string}"},"query-input":{"@type":"PropertyValueSpecification","valueRequired":true,"valueName":"search_term_string"}}],"inLanguage":"de"},{"@type":"Organization","@id":"https:\/\/denhelder.online\/#organization","name":"Den Helder Online","url":"https:\/\/denhelder.online\/","logo":{"@type":"ImageObject","inLanguage":"de","@id":"https:\/\/denhelder.online\/#\/schema\/logo\/image\/","url":"https:\/\/denhelder.online\/wp-content\/uploads\/2021\/12\/DitIsDH-Logo-26-tagline.svg","contentUrl":"https:\/\/denhelder.online\/wp-content\/uploads\/2021\/12\/DitIsDH-Logo-26-tagline.svg","width":1717.0999999999999,"height":934.89999999999998,"caption":"Den Helder Online"},"image":{"@id":"https:\/\/denhelder.online\/#\/schema\/logo\/image\/"}}]}},"_links":{"self":[{"href":"https:\/\/denhelder.online\/de\/wp-json\/wp\/v2\/pages\/9559","targetHints":{"allow":["GET"]}}],"collection":[{"href":"https:\/\/denhelder.online\/de\/wp-json\/wp\/v2\/pages"}],"about":[{"href":"https:\/\/denhelder.online\/de\/wp-json\/wp\/v2\/types\/page"}],"author":[{"embeddable":true,"href":"https:\/\/denhelder.online\/de\/wp-json\/wp\/v2\/users\/17"}],"replies":[{"embeddable":true,"href":"https:\/\/denhelder.online\/de\/wp-json\/wp\/v2\/comments?post=9559"}],"version-history":[{"count":0,"href":"https:\/\/denhelder.online\/de\/wp-json\/wp\/v2\/pages\/9559\/revisions"}],"wp:featuredmedia":[{"embeddable":true,"href":"https:\/\/denhelder.online\/de\/wp-json\/wp\/v2\/media\/9562"}],"wp:attachment":[{"href":"https:\/\/denhelder.online\/de\/wp-json\/wp\/v2\/media?parent=9559"}],"wp:term":[{"taxonomy":"post_tag","embeddable":true,"href":"https:\/\/denhelder.online\/de\/wp-json\/wp\/v2\/tags?post=9559"},{"taxonomy":"doelgroep","embeddable":true,"href":"https:\/\/denhelder.online\/de\/wp-json\/wp\/v2\/doelgroep?post=9559"},{"taxonomy":"categorie","embeddable":true,"href":"https:\/\/denhelder.online\/de\/wp-json\/wp\/v2\/categorie?post=9559"}],"curies":[{"name":"wp","href":"https:\/\/api.w.org\/{rel}","templated":true}]}}